{"id":4139,"date":"2023-05-16T12:32:51","date_gmt":"2023-05-16T12:32:51","guid":{"rendered":"https:\/\/techtonikamedia.com\/?page_id=4139"},"modified":"2023-05-16T15:12:31","modified_gmt":"2023-05-16T15:12:31","slug":"blog","status":"publish","type":"page","link":"https:\/\/techtonikamedia.com\/ro\/blog\/","title":{"rendered":"Blog"},"content":{"rendered":"\t\t<div data-elementor-type=\"wp-page\" data-elementor-id=\"4139\" class=\"elementor elementor-4139\" data-elementor-settings=\"[]\">\n\t\t\t\t\t\t\t<div class=\"elementor-section-wrap\">\n\t\t\t\t\t\t\t<section class=\"elementor-section elementor-top-section elementor-element elementor-element-329ba86 elementor-section-boxed elementor-section-height-default elementor-section-height-default\" data-id=\"329ba86\" data-element_type=\"section\" data-settings=\"{&quot;background_background&quot;:&quot;classic&quot;}\">\n\t\t\t\t\t\t<div class=\"elementor-container elementor-column-gap-default\">\n\t\t\t\t\t<div class=\"elementor-column elementor-col-50 elementor-top-column elementor-element elementor-element-b1ad303\" data-id=\"b1ad303\" data-element_type=\"column\">\n\t\t\t<div class=\"elementor-widget-wrap elementor-element-populated\">\n\t\t\t\t\t\t\t\t<div class=\"elementor-element elementor-element-b701de7 elementor-widget elementor-widget-heading\" data-id=\"b701de7\" data-element_type=\"widget\" data-widget_type=\"heading.default\">\n\t\t\t\t<div class=\"elementor-widget-container\">\n\t\t\t<h1 class=\"elementor-heading-title elementor-size-default\">BLOG<\/h1>\t\t<\/div>\n\t\t\t\t<\/div>\n\t\t\t\t\t<\/div>\n\t\t<\/div>\n\t\t\t\t<div class=\"elementor-column elementor-col-50 elementor-top-column elementor-element elementor-element-2b0ce1a\" data-id=\"2b0ce1a\" data-element_type=\"column\">\n\t\t\t<div class=\"elementor-widget-wrap\">\n\t\t\t\t\t\t\t\t\t<\/div>\n\t\t<\/div>\n\t\t\t\t\t\t\t<\/div>\n\t\t<\/section>\n\t\t\t\t<section class=\"elementor-section elementor-top-section elementor-element elementor-element-332644d elementor-section-boxed elementor-section-height-default elementor-section-height-default\" data-id=\"332644d\" data-element_type=\"section\">\n\t\t\t\t\t\t<div class=\"elementor-container elementor-column-gap-default\">\n\t\t\t\t\t<div class=\"elementor-column elementor-col-100 elementor-top-column elementor-element elementor-element-bf35a14\" data-id=\"bf35a14\" data-element_type=\"column\">\n\t\t\t<div class=\"elementor-widget-wrap elementor-element-populated\">\n\t\t\t\t\t\t\t\t<div class=\"elementor-element elementor-element-d2a0b01 elementor-nav-menu__align-center elementor-nav-menu--dropdown-none elementor-widget elementor-widget-nav-menu\" data-id=\"d2a0b01\" data-element_type=\"widget\" data-settings=\"{&quot;layout&quot;:&quot;horizontal&quot;,&quot;submenu_icon&quot;:{&quot;value&quot;:&quot;fas fa-caret-down&quot;,&quot;library&quot;:&quot;fa-solid&quot;}}\" data-widget_type=\"nav-menu.default\">\n\t\t\t\t<div class=\"elementor-widget-container\">\n\t\t\t\t\t\t<nav migration_allowed=\"1\" migrated=\"0\" role=\"navigation\" class=\"elementor-nav-menu--main elementor-nav-menu__container elementor-nav-menu--layout-horizontal e--pointer-underline e--animation-fade\"><ul id=\"menu-1-d2a0b01\" class=\"elementor-nav-menu\"><li class=\"menu-item menu-item-type-custom menu-item-object-custom menu-item-4252\"><a href=\"https:\/\/techtonikamedia.com\/ro\/blog\/\" class=\"elementor-item\">Toate<\/a><\/li>\n<li class=\"menu-item menu-item-type-taxonomy menu-item-object-category menu-item-4250\"><a href=\"https:\/\/techtonikamedia.com\/ro\/category\/insight\/\" class=\"elementor-item\">Insight<\/a><\/li>\n<\/ul><\/nav>\n\t\t\t\t\t<div class=\"elementor-menu-toggle\" role=\"button\" tabindex=\"0\" aria-label=\"Menu Toggle\" aria-expanded=\"false\">\n\t\t\t<i class=\"eicon-menu-bar\" aria-hidden=\"true\" role=\"presentation\"><\/i>\n\t\t\t<span class=\"elementor-screen-only\">Menu<\/span>\n\t\t<\/div>\n\t\t\t<nav class=\"elementor-nav-menu--dropdown elementor-nav-menu__container\" role=\"navigation\" aria-hidden=\"true\"><ul id=\"menu-2-d2a0b01\" class=\"elementor-nav-menu\"><li class=\"menu-item menu-item-type-custom menu-item-object-custom menu-item-4252\"><a href=\"https:\/\/techtonikamedia.com\/ro\/blog\/\" class=\"elementor-item\" tabindex=\"-1\">Toate<\/a><\/li>\n<li class=\"menu-item menu-item-type-taxonomy menu-item-object-category menu-item-4250\"><a href=\"https:\/\/techtonikamedia.com\/ro\/category\/insight\/\" class=\"elementor-item\" tabindex=\"-1\">Insight<\/a><\/li>\n<\/ul><\/nav>\n\t\t\t\t<\/div>\n\t\t\t\t<\/div>\n\t\t\t\t<div class=\"elementor-element elementor-element-26dcbb5 elementor-grid-3 elementor-grid-tablet-2 elementor-grid-mobile-1 elementor-posts--thumbnail-top elementor-card-shadow-yes elementor-posts__hover-gradient elementor-widget elementor-widget-posts\" data-id=\"26dcbb5\" data-element_type=\"widget\" data-settings=\"{&quot;cards_columns&quot;:&quot;3&quot;,&quot;cards_columns_tablet&quot;:&quot;2&quot;,&quot;cards_columns_mobile&quot;:&quot;1&quot;,&quot;cards_row_gap&quot;:{&quot;unit&quot;:&quot;px&quot;,&quot;size&quot;:35,&quot;sizes&quot;:[]}}\" data-widget_type=\"posts.cards\">\n\t\t\t\t<div class=\"elementor-widget-container\">\n\t\t\t\t\t<div class=\"elementor-posts-container elementor-posts elementor-posts--skin-cards elementor-grid\">\n\t\t\t\t<article class=\"elementor-post elementor-grid-item post-4374 post type-post status-publish format-standard has-post-thumbnail hentry category-insight\">\n\t\t\t<div class=\"elementor-post__card\">\n\t\t\t\t<a class=\"elementor-post__thumbnail__link\" href=\"https:\/\/techtonikamedia.com\/ro\/naming-sau-cum-functioneaza-denumirile-in-branding\/\" >\n\t\t\t<div class=\"elementor-post__thumbnail\"><img loading=\"lazy\" decoding=\"async\" width=\"1080\" height=\"1080\" src=\"https:\/\/techtonikamedia.com\/wp-content\/uploads\/2023\/05\/WhatsApp-Image-2023-05-16-at-17.29.51.jpeg\" class=\"attachment-full size-full\" alt=\"\" srcset=\"https:\/\/techtonikamedia.com\/wp-content\/uploads\/2023\/05\/WhatsApp-Image-2023-05-16-at-17.29.51.jpeg 1080w, https:\/\/techtonikamedia.com\/wp-content\/uploads\/2023\/05\/WhatsApp-Image-2023-05-16-at-17.29.51-300x300.jpeg 300w, https:\/\/techtonikamedia.com\/wp-content\/uploads\/2023\/05\/WhatsApp-Image-2023-05-16-at-17.29.51-1024x1024.jpeg 1024w, https:\/\/techtonikamedia.com\/wp-content\/uploads\/2023\/05\/WhatsApp-Image-2023-05-16-at-17.29.51-150x150.jpeg 150w, https:\/\/techtonikamedia.com\/wp-content\/uploads\/2023\/05\/WhatsApp-Image-2023-05-16-at-17.29.51-768x768.jpeg 768w\" sizes=\"auto, (max-width: 1080px) 100vw, 1080px\" \/><\/div>\n\t\t<\/a>\n\t\t\t\t<div class=\"elementor-post__text\">\n\t\t\t\t<h3 class=\"elementor-post__title\">\n\t\t\t<a href=\"https:\/\/techtonikamedia.com\/ro\/naming-sau-cum-functioneaza-denumirile-in-branding\/\" >\n\t\t\t\tNaming sau cum functioneaza denumirile in Branding\t\t\t<\/a>\n\t\t<\/h3>\n\t\t\t\t\t<a class=\"elementor-post__read-more\" href=\"https:\/\/techtonikamedia.com\/ro\/naming-sau-cum-functioneaza-denumirile-in-branding\/\" >\n\t\t\t\tCite\u0219te Articolul <span style=\"color:#43C7A0\">\u00bb<\/span>\t\t\t<\/a>\n\t\t\t\t<\/div>\n\t\t\t\t\t<\/div>\n\t\t<\/article>\n\t\t\t\t<article class=\"elementor-post elementor-grid-item post-4360 post type-post status-publish format-standard has-post-thumbnail hentry category-insight\">\n\t\t\t<div class=\"elementor-post__card\">\n\t\t\t\t<a class=\"elementor-post__thumbnail__link\" href=\"https:\/\/techtonikamedia.com\/ro\/techtonika-insight-4-sustenabilitatea-in-branding\/\" >\n\t\t\t<div class=\"elementor-post__thumbnail\"><img loading=\"lazy\" decoding=\"async\" width=\"1080\" height=\"1080\" src=\"https:\/\/techtonikamedia.com\/wp-content\/uploads\/2023\/05\/TKM_Insight_24-Apr-23For-Article.jpg\" class=\"attachment-full size-full\" alt=\"\" srcset=\"https:\/\/techtonikamedia.com\/wp-content\/uploads\/2023\/05\/TKM_Insight_24-Apr-23For-Article.jpg 1080w, https:\/\/techtonikamedia.com\/wp-content\/uploads\/2023\/05\/TKM_Insight_24-Apr-23For-Article-300x300.jpg 300w, https:\/\/techtonikamedia.com\/wp-content\/uploads\/2023\/05\/TKM_Insight_24-Apr-23For-Article-1024x1024.jpg 1024w, https:\/\/techtonikamedia.com\/wp-content\/uploads\/2023\/05\/TKM_Insight_24-Apr-23For-Article-150x150.jpg 150w, https:\/\/techtonikamedia.com\/wp-content\/uploads\/2023\/05\/TKM_Insight_24-Apr-23For-Article-768x768.jpg 768w\" sizes=\"auto, (max-width: 1080px) 100vw, 1080px\" \/><\/div>\n\t\t<\/a>\n\t\t\t\t<div class=\"elementor-post__text\">\n\t\t\t\t<h3 class=\"elementor-post__title\">\n\t\t\t<a href=\"https:\/\/techtonikamedia.com\/ro\/techtonika-insight-4-sustenabilitatea-in-branding\/\" >\n\t\t\t\tTechtonika Insight 4 &#8211; Sustenabilitatea in branding\t\t\t<\/a>\n\t\t<\/h3>\n\t\t\t\t\t<a class=\"elementor-post__read-more\" href=\"https:\/\/techtonikamedia.com\/ro\/techtonika-insight-4-sustenabilitatea-in-branding\/\" >\n\t\t\t\tCite\u0219te Articolul <span style=\"color:#43C7A0\">\u00bb<\/span>\t\t\t<\/a>\n\t\t\t\t<\/div>\n\t\t\t\t\t<\/div>\n\t\t<\/article>\n\t\t\t\t<article class=\"elementor-post elementor-grid-item post-4354 post type-post status-publish format-standard has-post-thumbnail hentry category-insight\">\n\t\t\t<div class=\"elementor-post__card\">\n\t\t\t\t<a class=\"elementor-post__thumbnail__link\" href=\"https:\/\/techtonikamedia.com\/ro\/techtonika-insight-3-unique-selling-proposition\/\" >\n\t\t\t<div class=\"elementor-post__thumbnail\"><img loading=\"lazy\" decoding=\"async\" width=\"651\" height=\"679\" src=\"https:\/\/techtonikamedia.com\/wp-content\/uploads\/2023\/05\/ffc6594b-3956-4370-90d4-8278695180e0_651x679.png\" class=\"attachment-full size-full\" alt=\"\" srcset=\"https:\/\/techtonikamedia.com\/wp-content\/uploads\/2023\/05\/ffc6594b-3956-4370-90d4-8278695180e0_651x679.png 651w, https:\/\/techtonikamedia.com\/wp-content\/uploads\/2023\/05\/ffc6594b-3956-4370-90d4-8278695180e0_651x679-288x300.png 288w\" sizes=\"auto, (max-width: 651px) 100vw, 651px\" \/><\/div>\n\t\t<\/a>\n\t\t\t\t<div class=\"elementor-post__text\">\n\t\t\t\t<h3 class=\"elementor-post__title\">\n\t\t\t<a href=\"https:\/\/techtonikamedia.com\/ro\/techtonika-insight-3-unique-selling-proposition\/\" >\n\t\t\t\tTechtonika Insight 3 &#8211; Unique Selling Proposition\t\t\t<\/a>\n\t\t<\/h3>\n\t\t\t\t\t<a class=\"elementor-post__read-more\" href=\"https:\/\/techtonikamedia.com\/ro\/techtonika-insight-3-unique-selling-proposition\/\" >\n\t\t\t\tCite\u0219te Articolul <span style=\"color:#43C7A0\">\u00bb<\/span>\t\t\t<\/a>\n\t\t\t\t<\/div>\n\t\t\t\t\t<\/div>\n\t\t<\/article>\n\t\t\t\t<article class=\"elementor-post elementor-grid-item post-4334 post type-post status-publish format-standard has-post-thumbnail hentry category-insight\">\n\t\t\t<div class=\"elementor-post__card\">\n\t\t\t\t<a class=\"elementor-post__thumbnail__link\" href=\"https:\/\/techtonikamedia.com\/ro\/techtonika-insight-2-strategia-de-brand-in-5-intrebari\/\" >\n\t\t\t<div class=\"elementor-post__thumbnail\"><img loading=\"lazy\" decoding=\"async\" width=\"1080\" height=\"1080\" src=\"https:\/\/techtonikamedia.com\/wp-content\/uploads\/2023\/05\/TKM_Insight_10-Apr-23For-Article.jpg\" class=\"attachment-full size-full\" alt=\"\" srcset=\"https:\/\/techtonikamedia.com\/wp-content\/uploads\/2023\/05\/TKM_Insight_10-Apr-23For-Article.jpg 1080w, https:\/\/techtonikamedia.com\/wp-content\/uploads\/2023\/05\/TKM_Insight_10-Apr-23For-Article-300x300.jpg 300w, https:\/\/techtonikamedia.com\/wp-content\/uploads\/2023\/05\/TKM_Insight_10-Apr-23For-Article-1024x1024.jpg 1024w, https:\/\/techtonikamedia.com\/wp-content\/uploads\/2023\/05\/TKM_Insight_10-Apr-23For-Article-150x150.jpg 150w, https:\/\/techtonikamedia.com\/wp-content\/uploads\/2023\/05\/TKM_Insight_10-Apr-23For-Article-768x768.jpg 768w\" sizes=\"auto, (max-width: 1080px) 100vw, 1080px\" \/><\/div>\n\t\t<\/a>\n\t\t\t\t<div class=\"elementor-post__text\">\n\t\t\t\t<h3 class=\"elementor-post__title\">\n\t\t\t<a href=\"https:\/\/techtonikamedia.com\/ro\/techtonika-insight-2-strategia-de-brand-in-5-intrebari\/\" >\n\t\t\t\tTechtonika Insight 2 &#8211; Strategia de brand \u00een 5 \u00eentreb\u0103ri\t\t\t<\/a>\n\t\t<\/h3>\n\t\t\t\t\t<a class=\"elementor-post__read-more\" href=\"https:\/\/techtonikamedia.com\/ro\/techtonika-insight-2-strategia-de-brand-in-5-intrebari\/\" >\n\t\t\t\tCite\u0219te Articolul <span style=\"color:#43C7A0\">\u00bb<\/span>\t\t\t<\/a>\n\t\t\t\t<\/div>\n\t\t\t\t\t<\/div>\n\t\t<\/article>\n\t\t\t\t<article class=\"elementor-post elementor-grid-item post-4272 post type-post status-publish format-standard has-post-thumbnail hentry category-insight\">\n\t\t\t<div class=\"elementor-post__card\">\n\t\t\t\t<a class=\"elementor-post__thumbnail__link\" href=\"https:\/\/techtonikamedia.com\/ro\/techtonika-insight-1-to-brand-or-not-to-brand\/\" >\n\t\t\t<div class=\"elementor-post__thumbnail\"><img loading=\"lazy\" decoding=\"async\" width=\"1080\" height=\"1080\" src=\"https:\/\/techtonikamedia.com\/wp-content\/uploads\/2023\/05\/TKM_Banner-03-04-231.jpg\" class=\"attachment-full size-full\" alt=\"\" srcset=\"https:\/\/techtonikamedia.com\/wp-content\/uploads\/2023\/05\/TKM_Banner-03-04-231.jpg 1080w, https:\/\/techtonikamedia.com\/wp-content\/uploads\/2023\/05\/TKM_Banner-03-04-231-300x300.jpg 300w, https:\/\/techtonikamedia.com\/wp-content\/uploads\/2023\/05\/TKM_Banner-03-04-231-1024x1024.jpg 1024w, https:\/\/techtonikamedia.com\/wp-content\/uploads\/2023\/05\/TKM_Banner-03-04-231-150x150.jpg 150w, https:\/\/techtonikamedia.com\/wp-content\/uploads\/2023\/05\/TKM_Banner-03-04-231-768x768.jpg 768w\" sizes=\"auto, (max-width: 1080px) 100vw, 1080px\" \/><\/div>\n\t\t<\/a>\n\t\t\t\t<div class=\"elementor-post__text\">\n\t\t\t\t<h3 class=\"elementor-post__title\">\n\t\t\t<a href=\"https:\/\/techtonikamedia.com\/ro\/techtonika-insight-1-to-brand-or-not-to-brand\/\" >\n\t\t\t\tTechtonika Insight 1: To brand or not to brand\t\t\t<\/a>\n\t\t<\/h3>\n\t\t\t\t\t<a class=\"elementor-post__read-more\" href=\"https:\/\/techtonikamedia.com\/ro\/techtonika-insight-1-to-brand-or-not-to-brand\/\" >\n\t\t\t\tCite\u0219te Articolul <span style=\"color:#43C7A0\">\u00bb<\/span>\t\t\t<\/a>\n\t\t\t\t<\/div>\n\t\t\t\t\t<\/div>\n\t\t<\/article>\n\t\t\t\t<\/div>\n\t\t\t\t<\/div>\n\t\t\t\t<\/div>\n\t\t\t\t\t<\/div>\n\t\t<\/div>\n\t\t\t\t\t\t\t<\/div>\n\t\t<\/section>\n\t\t\t\t<section class=\"elementor-section elementor-top-section elementor-element elementor-element-308eb65b elementor-section-boxed elementor-section-height-default elementor-section-height-default\" data-id=\"308eb65b\" data-element_type=\"section\" id=\"promisiunea-noastra\">\n\t\t\t\t\t\t\t<div class=\"elementor-background-overlay\"><\/div>\n\t\t\t\t\t\t\t<div class=\"elementor-container elementor-column-gap-default\">\n\t\t\t\t\t<div class=\"elementor-column elementor-col-50 elementor-top-column elementor-element elementor-element-45e55365\" data-id=\"45e55365\" data-element_type=\"column\">\n\t\t\t<div class=\"elementor-widget-wrap elementor-element-populated\">\n\t\t\t\t\t\t\t\t<div class=\"elementor-element elementor-element-5e02821b elementor-widget__width-auto elementor-widget-divider--view-line elementor-widget elementor-widget-divider\" data-id=\"5e02821b\" data-element_type=\"widget\" data-widget_type=\"divider.default\">\n\t\t\t\t<div class=\"elementor-widget-container\">\n\t\t\t\t\t<div class=\"elementor-divider\">\n\t\t\t<span class=\"elementor-divider-separator\">\n\t\t\t\t\t\t<\/span>\n\t\t<\/div>\n\t\t\t\t<\/div>\n\t\t\t\t<\/div>\n\t\t\t\t<div class=\"elementor-element elementor-element-14f9c715 elementor-widget__width-auto elementor-widget elementor-widget-text-editor\" data-id=\"14f9c715\" data-element_type=\"widget\" data-widget_type=\"text-editor.default\">\n\t\t\t\t<div class=\"elementor-widget-container\">\n\t\t\t\t\t\t\tInformative by Design\t\t\t\t\t\t<\/div>\n\t\t\t\t<\/div>\n\t\t\t\t<div class=\"elementor-element elementor-element-1b46d elementor-widget__width-initial elementor-widget-mobile__width-inherit elementor-widget elementor-widget-heading\" data-id=\"1b46d\" data-element_type=\"widget\" data-widget_type=\"heading.default\">\n\t\t\t\t<div class=\"elementor-widget-container\">\n\t\t\t<h2 class=\"elementor-heading-title elementor-size-default\">Aboneaz\u0103-te la Techtonika Newsletter<\/h2>\t\t<\/div>\n\t\t\t\t<\/div>\n\t\t\t\t\t<\/div>\n\t\t<\/div>\n\t\t\t\t<div class=\"elementor-column elementor-col-50 elementor-top-column elementor-element elementor-element-21abc8d9\" data-id=\"21abc8d9\" data-element_type=\"column\" data-settings=\"{&quot;background_background&quot;:&quot;classic&quot;}\">\n\t\t\t<div class=\"elementor-widget-wrap elementor-element-populated\">\n\t\t\t\t\t<div class=\"elementor-background-overlay\"><\/div>\n\t\t\t\t\t\t\t\t<div class=\"elementor-element elementor-element-6680d499 elementor-widget elementor-widget-text-editor\" data-id=\"6680d499\" data-element_type=\"widget\" data-widget_type=\"text-editor.default\">\n\t\t\t\t<div class=\"elementor-widget-container\">\n\t\t\t\t\t\t\t<p>Newsletter s\u0103pt\u0103m\u00e2nal concentrat. Fii \u0219i tu membru Techtonik \u0219i bucur\u0103-te de accesul facil la cele mai importante nout\u0103\u021bi \u0219i informa\u021bii din domeniu.<\/p>\t\t\t\t\t\t<\/div>\n\t\t\t\t<\/div>\n\t\t\t\t<div class=\"elementor-element elementor-element-f5ff4ab elementor-widget elementor-widget-html\" data-id=\"f5ff4ab\" data-element_type=\"widget\" data-widget_type=\"html.default\">\n\t\t\t\t<div class=\"elementor-widget-container\">\n\t\t\t<iframe loading=\"lazy\" src=\"https:\/\/techtonikanewsletter.substack.com\/embed\" width=\"480\" height=\"320\" style=\"border:1px solid #EEE; background:white;\" frameborder=\"0\" scrolling=\"no\"><\/iframe>\t\t<\/div>\n\t\t\t\t<\/div>\n\t\t\t\t\t<\/div>\n\t\t<\/div>\n\t\t\t\t\t\t\t<\/div>\n\t\t<\/section>\n\t\t\t\t\t\t<\/div>\n\t\t\t\t\t<\/div>\n\t\t","protected":false},"excerpt":{"rendered":"<p>BLOG Informative by Design Aboneaz\u0103-te la Techtonika Newsletter Newsletter s\u0103pt\u0103m\u00e2nal concentrat. Fii \u0219i tu membru Techtonik \u0219i bucur\u0103-te de accesul facil la cele mai importante<\/p>\n","protected":false},"author":1,"featured_media":0,"parent":0,"menu_order":0,"comment_status":"closed","ping_status":"closed","template":"","meta":{"footnotes":""},"class_list":["post-4139","page","type-page","status-publish","hentry"],"yoast_head":"<!-- This site is optimized with the Yoast SEO plugin v17.8 - https:\/\/yoast.com\/wordpress\/plugins\/seo\/ -->\n<title>Blog - Techtonika<\/title>\n<meta name=\"robots\" content=\"index, follow, max-snippet:-1, max-image-preview:large, max-video-preview:-1\" \/>\n<link rel=\"canonical\" href=\"https:\/\/techtonikamedia.com\/ro\/blog\/\" \/>\n<meta property=\"og:locale\" content=\"ro_RO\" \/>\n<meta property=\"og:type\" content=\"article\" \/>\n<meta property=\"og:title\" content=\"Blog - Techtonika\" \/>\n<meta property=\"og:description\" content=\"BLOG Informative by Design Aboneaz\u0103-te la Techtonika Newsletter Newsletter s\u0103pt\u0103m\u00e2nal concentrat. Fii \u0219i tu membru Techtonik \u0219i bucur\u0103-te de accesul facil la cele mai importante\" \/>\n<meta property=\"og:url\" content=\"https:\/\/techtonikamedia.com\/ro\/blog\/\" \/>\n<meta property=\"og:site_name\" content=\"Techtonika\" \/>\n<meta property=\"article:modified_time\" content=\"2023-05-16T15:12:31+00:00\" \/>\n<meta name=\"twitter:card\" content=\"summary_large_image\" \/>\n<script type=\"application\/ld+json\" class=\"yoast-schema-graph\">{\"@context\":\"https:\/\/schema.org\",\"@graph\":[{\"@type\":\"WebSite\",\"@id\":\"https:\/\/techtonikamedia.com\/#website\",\"url\":\"https:\/\/techtonikamedia.com\/\",\"name\":\"Techtonika\",\"description\":\"Techtonika\",\"potentialAction\":[{\"@type\":\"SearchAction\",\"target\":{\"@type\":\"EntryPoint\",\"urlTemplate\":\"https:\/\/techtonikamedia.com\/?s={search_term_string}\"},\"query-input\":\"required name=search_term_string\"}],\"inLanguage\":\"ro-RO\"},{\"@type\":\"WebPage\",\"@id\":\"https:\/\/techtonikamedia.com\/ro\/blog\/#webpage\",\"url\":\"https:\/\/techtonikamedia.com\/ro\/blog\/\",\"name\":\"Blog - Techtonika\",\"isPartOf\":{\"@id\":\"https:\/\/techtonikamedia.com\/#website\"},\"datePublished\":\"2023-05-16T12:32:51+00:00\",\"dateModified\":\"2023-05-16T15:12:31+00:00\",\"breadcrumb\":{\"@id\":\"https:\/\/techtonikamedia.com\/ro\/blog\/#breadcrumb\"},\"inLanguage\":\"ro-RO\",\"potentialAction\":[{\"@type\":\"ReadAction\",\"target\":[\"https:\/\/techtonikamedia.com\/ro\/blog\/\"]}]},{\"@type\":\"BreadcrumbList\",\"@id\":\"https:\/\/techtonikamedia.com\/ro\/blog\/#breadcrumb\",\"itemListElement\":[{\"@type\":\"ListItem\",\"position\":1,\"name\":\"Home\",\"item\":\"https:\/\/techtonikamedia.com\/\"},{\"@type\":\"ListItem\",\"position\":2,\"name\":\"Blog\"}]}]}<\/script>\n<!-- \/ Yoast SEO plugin. -->","yoast_head_json":{"title":"Blog - Techtonika","robots":{"index":"index","follow":"follow","max-snippet":"max-snippet:-1","max-image-preview":"max-image-preview:large","max-video-preview":"max-video-preview:-1"},"canonical":"https:\/\/techtonikamedia.com\/ro\/blog\/","og_locale":"ro_RO","og_type":"article","og_title":"Blog - Techtonika","og_description":"BLOG Informative by Design Aboneaz\u0103-te la Techtonika Newsletter Newsletter s\u0103pt\u0103m\u00e2nal concentrat. Fii \u0219i tu membru Techtonik \u0219i bucur\u0103-te de accesul facil la cele mai importante","og_url":"https:\/\/techtonikamedia.com\/ro\/blog\/","og_site_name":"Techtonika","article_modified_time":"2023-05-16T15:12:31+00:00","twitter_card":"summary_large_image","schema":{"@context":"https:\/\/schema.org","@graph":[{"@type":"WebSite","@id":"https:\/\/techtonikamedia.com\/#website","url":"https:\/\/techtonikamedia.com\/","name":"Techtonika","description":"Techtonika","potentialAction":[{"@type":"SearchAction","target":{"@type":"EntryPoint","urlTemplate":"https:\/\/techtonikamedia.com\/?s={search_term_string}"},"query-input":"required name=search_term_string"}],"inLanguage":"ro-RO"},{"@type":"WebPage","@id":"https:\/\/techtonikamedia.com\/ro\/blog\/#webpage","url":"https:\/\/techtonikamedia.com\/ro\/blog\/","name":"Blog - Techtonika","isPartOf":{"@id":"https:\/\/techtonikamedia.com\/#website"},"datePublished":"2023-05-16T12:32:51+00:00","dateModified":"2023-05-16T15:12:31+00:00","breadcrumb":{"@id":"https:\/\/techtonikamedia.com\/ro\/blog\/#breadcrumb"},"inLanguage":"ro-RO","potentialAction":[{"@type":"ReadAction","target":["https:\/\/techtonikamedia.com\/ro\/blog\/"]}]},{"@type":"BreadcrumbList","@id":"https:\/\/techtonikamedia.com\/ro\/blog\/#breadcrumb","itemListElement":[{"@type":"ListItem","position":1,"name":"Home","item":"https:\/\/techtonikamedia.com\/"},{"@type":"ListItem","position":2,"name":"Blog"}]}]}},"_links":{"self":[{"href":"https:\/\/techtonikamedia.com\/ro\/wp-json\/wp\/v2\/pages\/4139","targetHints":{"allow":["GET"]}}],"collection":[{"href":"https:\/\/techtonikamedia.com\/ro\/wp-json\/wp\/v2\/pages"}],"about":[{"href":"https:\/\/techtonikamedia.com\/ro\/wp-json\/wp\/v2\/types\/page"}],"author":[{"embeddable":true,"href":"https:\/\/techtonikamedia.com\/ro\/wp-json\/wp\/v2\/users\/1"}],"replies":[{"embeddable":true,"href":"https:\/\/techtonikamedia.com\/ro\/wp-json\/wp\/v2\/comments?post=4139"}],"version-history":[{"count":88,"href":"https:\/\/techtonikamedia.com\/ro\/wp-json\/wp\/v2\/pages\/4139\/revisions"}],"predecessor-version":[{"id":4366,"href":"https:\/\/techtonikamedia.com\/ro\/wp-json\/wp\/v2\/pages\/4139\/revisions\/4366"}],"wp:attachment":[{"href":"https:\/\/techtonikamedia.com\/ro\/wp-json\/wp\/v2\/media?parent=4139"}],"curies":[{"name":"wp","href":"https:\/\/api.w.org\/{rel}","templated":true}]}}