{"id":3921,"date":"2021-10-11T09:27:02","date_gmt":"2021-10-11T09:27:02","guid":{"rendered":"https:\/\/techtonikamedia.com\/privacy-policy\/"},"modified":"2023-05-16T11:16:08","modified_gmt":"2023-05-16T11:16:08","slug":"privacy-policy","status":"publish","type":"page","link":"https:\/\/techtonikamedia.com\/ro\/privacy-policy\/","title":{"rendered":"Politica de confiden\u021bialitate"},"content":{"rendered":"\t\t<div data-elementor-type=\"wp-page\" data-elementor-id=\"3921\" class=\"elementor elementor-3921 elementor-3\" data-elementor-settings=\"[]\">\n\t\t\t\t\t\t\t<div class=\"elementor-section-wrap\">\n\t\t\t\t\t\t\t<section class=\"elementor-section elementor-top-section elementor-element elementor-element-c2b310b elementor-section-boxed elementor-section-height-default elementor-section-height-default\" data-id=\"c2b310b\" data-element_type=\"section\" data-settings=\"{&quot;background_background&quot;:&quot;classic&quot;}\">\n\t\t\t\t\t\t<div class=\"elementor-container elementor-column-gap-default\">\n\t\t\t\t\t<div class=\"elementor-column elementor-col-50 elementor-top-column elementor-element elementor-element-ba3a4cf\" data-id=\"ba3a4cf\" data-element_type=\"column\">\n\t\t\t<div class=\"elementor-widget-wrap elementor-element-populated\">\n\t\t\t\t\t\t\t\t<div class=\"elementor-element elementor-element-2dccaaa elementor-widget elementor-widget-heading\" data-id=\"2dccaaa\" data-element_type=\"widget\" data-widget_type=\"heading.default\">\n\t\t\t\t<div class=\"elementor-widget-container\">\n\t\t\t<h1 class=\"elementor-heading-title elementor-size-default\">Politica de Confiden\u021bialitate<\/h1>\t\t<\/div>\n\t\t\t\t<\/div>\n\t\t\t\t<div class=\"elementor-element elementor-element-1f1ce51 elementor-icon-list--layout-inline elementor-align-left elementor-list-item-link-full_width elementor-widget elementor-widget-icon-list\" data-id=\"1f1ce51\" data-element_type=\"widget\" data-widget_type=\"icon-list.default\">\n\t\t\t\t<div class=\"elementor-widget-container\">\n\t\t\t\t\t<ul class=\"elementor-icon-list-items elementor-inline-items\">\n\t\t\t\t\t\t\t<li class=\"elementor-icon-list-item elementor-inline-item\">\n\t\t\t\t\t\t\t\t\t\t\t<a href=\"https:\/\/techtonikamedia.com\/contact\/\">\n\n\t\t\t\t\t\t\t\t\t\t\t<span class=\"elementor-icon-list-text\">Contacteaz\u0103-ne<\/span>\n\t\t\t\t\t\t\t\t\t\t\t<\/a>\n\t\t\t\t\t\t\t\t\t<\/li>\n\t\t\t\t\t\t\t\t<li class=\"elementor-icon-list-item elementor-inline-item\">\n\t\t\t\t\t\t\t\t\t\t\t<a href=\"https:\/\/techtonikamedia.com\/contact\/\">\n\n\t\t\t\t\t\t\t\t\t\t\t\t<span class=\"elementor-icon-list-icon\">\n\t\t\t\t\t\t\t<svg xmlns=\"http:\/\/www.w3.org\/2000\/svg\" width=\"27.705\" height=\"20.909\" viewBox=\"0 0 27.705 20.909\"><g id=\"Group_1481\" data-name=\"Group 1481\" transform=\"translate(-379.748 -750.441)\"><path id=\"Path_942\" data-name=\"Path 942\" d=\"M12.891,11.438a1.546,1.546,0,0,0-.006-2.2L4.1.455a1.544,1.544,0,0,0-2.19,0L.455,1.928a1.544,1.544,0,0,0,0,2.19l6.228,6.227L.455,16.573a1.544,1.544,0,0,0,0,2.19l1.46,1.46a1.544,1.544,0,0,0,2.19,0Z\" transform=\"matrix(1, 0.017, -0.017, 1, 380.109, 750.441)\" fill=\"#43c7a0\"><\/path><path id=\"Path_946\" data-name=\"Path 946\" d=\"M12.891,11.438a1.546,1.546,0,0,0-.006-2.2L4.1.455a1.544,1.544,0,0,0-2.19,0L.455,1.928a1.544,1.544,0,0,0,0,2.19l6.228,6.227L.455,16.573a1.544,1.544,0,0,0,0,2.19l1.46,1.46a1.544,1.544,0,0,0,2.19,0Z\" transform=\"matrix(1, 0.017, -0.017, 1, 394.109, 750.441)\" fill=\"#43c7a0\"><\/path><\/g><\/svg>\t\t\t\t\t\t<\/span>\n\t\t\t\t\t\t\t\t\t\t<span class=\"elementor-icon-list-text\"><\/span>\n\t\t\t\t\t\t\t\t\t\t\t<\/a>\n\t\t\t\t\t\t\t\t\t<\/li>\n\t\t\t\t\t\t<\/ul>\n\t\t\t\t<\/div>\n\t\t\t\t<\/div>\n\t\t\t\t\t<\/div>\n\t\t<\/div>\n\t\t\t\t<div class=\"elementor-column elementor-col-50 elementor-top-column elementor-element elementor-element-83933d6\" data-id=\"83933d6\" data-element_type=\"column\">\n\t\t\t<div class=\"elementor-widget-wrap\">\n\t\t\t\t\t\t\t\t\t<\/div>\n\t\t<\/div>\n\t\t\t\t\t\t\t<\/div>\n\t\t<\/section>\n\t\t\t\t<section class=\"elementor-section elementor-top-section elementor-element elementor-element-0ba5cda elementor-section-boxed elementor-section-height-default elementor-section-height-default\" data-id=\"0ba5cda\" data-element_type=\"section\">\n\t\t\t\t\t\t<div class=\"elementor-container elementor-column-gap-default\">\n\t\t\t\t\t<div class=\"elementor-column elementor-col-100 elementor-top-column elementor-element elementor-element-c172898\" data-id=\"c172898\" data-element_type=\"column\">\n\t\t\t<div class=\"elementor-widget-wrap elementor-element-populated\">\n\t\t\t\t\t\t\t\t<div class=\"elementor-element elementor-element-fa02a26 elementor-widget elementor-widget-text-editor\" data-id=\"fa02a26\" data-element_type=\"widget\" data-widget_type=\"text-editor.default\">\n\t\t\t\t<div class=\"elementor-widget-container\">\n\t\t\t\t\t\t\t<p>La www.techtonikamedia.com, accesibil la https:\/\/techtonikamedia.com\/, una dintre priorit\u0103\u021bile noastre principale este confiden\u021bialitatea vizitatorilor no\u0219tri. Acest document privind politica de confiden\u021bialitate con\u021bine tipurile de informa\u021bii care sunt colectate \u0219i \u00eenregistrate de www.techtonikamedia.com \u0219i modul \u00een care le folosim.<\/p><p>Dac\u0103 ai \u00eentreb\u0103ri suplimentare sau ai nevoie de mai multe informa\u021bii despre Politica noastr\u0103 de confiden\u021bialitate, nu ezita s\u0103 ne contactezi.<\/p><p>Aceast\u0103 Politic\u0103 de Confiden\u021bialitate se aplic\u0103 doar activit\u0103\u021bilor noastre online \u0219i este valabil\u0103 pentru vizitatorii site-ului nostru \u00een ceea ce prive\u0219te informa\u021biile pe care le-au \u00eemp\u0103rt\u0103\u0219it \u0219i\/sau colectat \u00een www.techtonikamedia.com. Aceast\u0103 politic\u0103 nu este aplicabil\u0103 informa\u021biilor colectate offline sau prin alte canale dec\u00e2t acest site web.<\/p><p><b>Consim\u021b\u0103m\u00e2nt<\/b><\/p><p>Prin utilizarea site-ului nostru web, e\u0219ti de acord cu politica noastr\u0103 de confiden\u021bialitate \u0219i accep\u021bi termenii acesteia.<\/p><p><b>Informa\u021biile pe care le colect\u0103m<\/b><\/p><p>Informa\u021biile cu caracter personal pe care \u021bi se solicit\u0103 s\u0103 le furnizezi \u0219i motivele pentru care \u021bi se solicit\u0103 s\u0103 le furnizezi \u00ee\u021bi vor fi explicate \u00een mod clar \u00een momentul \u00een care \u00ee\u021bi solicit\u0103m s\u0103 furnizezi informa\u021biile tale personale.<\/p><p>Dac\u0103 ne contactezi direct, este posibil s\u0103 primim informa\u021bii suplimentare despre tine, cum ar fi numele, adresa de e-mail, num\u0103rul de telefon, con\u021binutul mesajului \u0219i\/sau al ata\u0219amentelor pe care ni le trimi\u021bi, precum \u0219i orice alte informa\u021bii pe care alegi s\u0103 le furnizezi.<\/p><p>Atunci c\u00e2nd te \u00eenregistrezi pentru un Cont, este posibil s\u0103 \u00ee\u021bi cerem informa\u021bii de contact, inclusiv elemente precum numele, numele companiei, adresa, adresa de e-mail \u0219i num\u0103rul de telefon.<\/p><p>\u00a0<\/p><p><b>Cum folosim informa\u021biile dumneavoastr\u0103<\/b><\/p><p>\u00a0<\/p><p>Utiliz\u0103m informa\u021biile pe care le colect\u0103m \u00een diverse moduri, inclusiv pentru:<\/p><ul><li aria-level=\"1\">Furnizarea, operarea \u0219i \u00eentre\u021binerea site-ului nostru web<\/li><li aria-level=\"1\">\u00cembun\u0103t\u0103\u021birea, personalizarea \u0219i extinderea site-ului nostru web<\/li><li aria-level=\"1\">S\u0103 \u00een\u021belegem \u0219i s\u0103 analiz\u0103m modul \u00een care utilizezi site-ul nostru web<\/li><li aria-level=\"1\">Dezvolt\u0103m noi produse, servicii, caracteristici \u0219i func\u021bionalit\u0103\u021bi<\/li><li aria-level=\"1\">S\u0103 comunic\u0103m cu tine, fie direct, fie prin intermediul unuia dintre partenerii no\u0219tri, inclusiv pentru serviciul clien\u021bi, pentru a \u00ee\u021bi furniza actualiz\u0103ri \u0219i alte informa\u021bii legate de site-ul web \u0219i \u00een scopuri de marketing \u0219i promo\u021bionale<\/li><li aria-level=\"1\">S\u0103 \u00ee\u021bi trimitem e-mailuri<\/li><li aria-level=\"1\">G\u0103sirea \u0219i prevenirea fraudei<\/li><\/ul><p>\u00a0<\/p><p><b>Fi\u0219iere jurnal<\/b><\/p><p>www.techtonikamedia.com urmeaz\u0103 o procedur\u0103 standard de utilizare a fi\u0219ierelor jurnal. Aceste fi\u0219iere \u00eenregistreaz\u0103 utilizatorii atunci c\u00e2nd ace\u0219tia viziteaz\u0103 site-urile web. Toate companiile de g\u0103zduire fac acest lucru \u0219i o parte din analiza serviciilor de g\u0103zduire. Informa\u021biile colectate de fi\u0219ierele jurnal includ adresele de protocol internet (IP), tipul de browser, furnizorul de servicii internet (ISP), data \u0219i ora, paginile de trimitere\/ie\u0219ire \u0219i, eventual, num\u0103rul de clickuri. Acestea nu sunt legate de nicio informa\u021bie care s\u0103 poat\u0103 fi identificat\u0103 personal. Scopul acestor informa\u021bii este de a analiza tendin\u021bele, de a administra site-ul, de a urm\u0103ri mi\u0219c\u0103rile utilizatorilor pe site \u0219i de a colecta informa\u021bii demografice.<\/p><p>\u00a0<\/p><p><b>Cookie-uri \u0219i balize web<\/b><\/p><p>La fel ca orice alt site web, www.techtonikamedia.com utilizeaz\u0103 &#8222;cookie-uri&#8221;. Aceste cookie-uri sunt folosite pentru a stoca informa\u021bii, inclusiv preferin\u021bele vizitatorilor \u0219i paginile de pe site pe care vizitatorul le-a accesat sau vizitat. Informa\u021biile sunt folosite pentru a optimiza experien\u021ba utilizatorilor prin personalizarea con\u021binutului paginilor noastre web pe baza tipului de browser al vizitatorilor \u0219i\/sau a altor informa\u021bii.<\/p><p>Pentru mai multe informa\u021bii generale despre modulele cookie, te rug\u0103m s\u0103 cite\u0219ti mai multe pe site-ul web Consim\u021b\u0103m\u00e2ntul privind Cookie-urile.<\/p><p>\u00a0<\/p><p><b>Politici de confiden\u021bialitate a partenerilor publicitari<\/b><\/p><p>Pute\u021bi consulta aceast\u0103 list\u0103 pentru a g\u0103si politica de confiden\u021bialitate pentru fiecare dintre partenerii publicitari ai www.techtonikamedia.com.<\/p><p>Serverele de publicitate sau re\u021belele de publicitate ter\u021be utilizeaz\u0103 tehnologii precum cookie-uri, JavaScript sau Web Beacons care sunt utilizate \u00een reclamele \u0219i link-urile respective care apar pe www.techtonikamedia.com, care sunt trimise direct \u00een browserul utilizatorilor. Ace\u0219tia primesc \u00een mod automat adresa ta IP atunci c\u00e2nd acest lucru se \u00eent\u00e2mpl\u0103. Aceste tehnologii sunt folosite pentru a m\u0103sura eficien\u021ba campaniilor lor publicitare \u0219i\/sau pentru a personaliza con\u021binutul publicitar pe care \u00eel vezi pe site-urile pe care le vizitezi.<\/p><p>Re\u021bine\u021bi c\u0103 www.techtonikamedia.com nu are acces sau control asupra acestor cookie-uri care sunt utilizate de c\u0103tre agen\u021bii de publicitate ter\u021be.<\/p><p>\u00a0<\/p><p><b>Politicile de confiden\u021bialitate ale p\u0103r\u021bilor-ter\u021be<\/b><\/p><p>\u00a0<\/p><p>Politica de confiden\u021bialitate a www.techtonikamedia.com nu se aplic\u0103 altor agen\u021bi de publicitate sau site-uri web. Astfel, te sf\u0103tuim s\u0103 consul\u021bi Politicile de confiden\u021bialitate respective ale acestor servere de publicitate ter\u021be pentru informa\u021bii mai detaliate. Aceasta poate include practicile acestora \u0219i instruc\u021biuni despre cum s\u0103 renun\u021bi la anumite op\u021biuni.<\/p><p>Po\u021bi alege s\u0103 dezactivezi cookie-urile prin intermediul op\u021biunilor individuale ale browserului t\u0103u. Pentru a afla informa\u021bii mai detaliate despre gestionarea cookie-urilor cu browsere web specifice, acestea pot fi g\u0103site pe site-urile web respective ale browserelor.<\/p><p>\u00a0<\/p><p><b>Drepturile de confiden\u021bialitate CCPA (Nu-mi vinde\u021bi informa\u021biile personale)<\/b><\/p><p>\u00a0<\/p><p>\u00cen conformitate cu CCPA, printre alte drepturi, consumatorii din California au dreptul:<\/p><p>\u00a0<\/p><ul><li aria-level=\"1\">s\u0103 solicite ca o \u00eentreprindere care colecteaz\u0103 datele cu caracter personal ale unui consumator s\u0103 dezv\u0103luie categoriile \u0219i elementele specifice de date cu caracter personal pe care o \u00eentreprindere le-a colectat despre consumatori.<\/li><li aria-level=\"1\">s\u0103 solicite ca o \u00eentreprindere s\u0103 \u0219tearg\u0103 orice date cu caracter personal pe care le-a colectat despre consumator.<\/li><li aria-level=\"1\">s\u0103 solicite ca o \u00eentreprindere care vinde datele cu caracter personal ale unui consumator s\u0103 nu v\u00e2nd\u0103 datele cu caracter personal ale acestuia.<\/li><\/ul><p>\u00a0<\/p><p>Dac\u0103 faci o cerere, avem la dispozi\u021bie o lun\u0103 pentru a \u00ee\u021bi r\u0103spunde. Dac\u0103 dore\u0219ti s\u0103 \u00ee\u021bi exerci\u021bi oricare dintre aceste drepturi, te rug\u0103m s\u0103 ne contactezi.<\/p><p>\u00a0<\/p><p><b>Dreptul la protec\u021bia datelor cu caracter personal \u2013 GDPR<\/b><\/p><p>Dorim s\u0103 ne asigur\u0103m c\u0103 e\u0219ti pe deplin con\u0219tient de toate drepturile tale privind protec\u021bia datelor. Fiecare utilizator are dreptul la urm\u0103toarele:<\/p><p>\u00a0<\/p><ul><li aria-level=\"1\">Dreptul de acces \u2013 Ai dreptul de a solicita copii ale datelor tale personale. Este posibil s\u0103 \u00ee\u021bi percepem o mic\u0103 tax\u0103 pentru acest serviciu.<\/li><li aria-level=\"1\">Dreptul la rectificare &#8211; Ai dreptul de a ne solicita s\u0103 corect\u0103m orice informa\u021bie pe care o consideri inexact\u0103. De asemenea, ai dreptul de a ne solicita s\u0103 complet\u0103m informa\u021biile pe care le consideri incomplete.<\/li><li aria-level=\"1\">Dreptul la \u0219tergere &#8211; Ai dreptul de a ne solicita s\u0103 \u0219tergem datele tale personale, \u00een anumite condi\u021bii.<\/li><\/ul><p>\u00a0<\/p><ul><li aria-level=\"1\">Dreptul la restric\u021bionarea prelucr\u0103rii &#8211; Ai dreptul de a ne solicita s\u0103 restric\u021bion\u0103m prelucrarea datelor tale personale, \u00een anumite condi\u021bii.<\/li><li aria-level=\"1\">Dreptul de a v\u0103 opune prelucr\u0103rii &#8211; Ai dreptul de a te opune prelucr\u0103rii de c\u0103tre noi a datelor tale personale, \u00een anumite condi\u021bii.<\/li><li aria-level=\"1\">Dreptul la portabilitatea datelor &#8211; Ai dreptul de a ne solicita s\u0103 transfer\u0103m datele pe care le-am colectat c\u0103tre o alt\u0103 organiza\u021bie sau direct c\u0103tre tine, \u00een anumite condi\u021bii.<\/li><\/ul><p>\u00a0<\/p><p>Dac\u0103 faci o cerere, avem la dispozi\u021bie o lun\u0103 pentru a \u00ee\u021bi r\u0103spunde. Dac\u0103 dore\u0219ti s\u0103 \u00ee\u021bi exerci\u021bi oricare dintre aceste drepturi, te rug\u0103m s\u0103 ne contactezi.<\/p><p>\u00a0<\/p><p><b>Informa\u021bii privind copiii<\/b><\/p><p>O alt\u0103 parte a priorit\u0103\u021bii noastre este de a ad\u0103uga protec\u021bie pentru copii \u00een timpul utiliz\u0103rii internetului. \u00cencuraj\u0103m p\u0103rin\u021bii \u0219i tutorii s\u0103 observe, s\u0103 participe \u0219i\/sau s\u0103 monitorizeze \u0219i s\u0103 \u00eendrume activitatea online a copiilor.<\/p><p>\u00a0<\/p><p>www.techtonikamedia.com nu colecteaz\u0103 cu bun\u0103 \u0219tiin\u021b\u0103 nicio informa\u021bie de identificare personal\u0103 de la copii cu v\u00e2rsta sub 13 ani. \u00cen cazul \u00een care copilul t\u0103u a furnizat acest tip de informa\u021bii pe site-ul nostru, te \u00eencuraj\u0103m cu t\u0103rie s\u0103 ne contactezi imediat<\/p>\t\t\t\t\t\t<\/div>\n\t\t\t\t<\/div>\n\t\t\t\t\t<\/div>\n\t\t<\/div>\n\t\t\t\t\t\t\t<\/div>\n\t\t<\/section>\n\t\t\t\t\t\t<\/div>\n\t\t\t\t\t<\/div>\n\t\t","protected":false},"excerpt":{"rendered":"<p>Politica de Confiden\u021bialitate Contacteaz\u0103-ne La www.techtonikamedia.com, accesibil la https:\/\/techtonikamedia.com\/, una dintre priorit\u0103\u021bile noastre principale este confiden\u021bialitatea vizitatorilor no\u0219tri. Acest document privind politica de confiden\u021bialitate con\u021bine tipurile de informa\u021bii care sunt colectate \u0219i \u00eenregistrate de www.techtonikamedia.com \u0219i modul \u00een care le folosim. Dac\u0103 ai \u00eentreb\u0103ri suplimentare sau ai nevoie de mai multe informa\u021bii despre Politica noastr\u0103 [&hellip;]<\/p>\n","protected":false},"author":1,"featured_media":0,"parent":0,"menu_order":0,"comment_status":"closed","ping_status":"open","template":"","meta":{"footnotes":""},"class_list":["post-3921","page","type-page","status-publish","hentry"],"yoast_head":"<!-- This site is optimized with the Yoast SEO plugin v17.8 - https:\/\/yoast.com\/wordpress\/plugins\/seo\/ -->\n<title>Politica de confiden\u021bialitate - Techtonika<\/title>\n<meta name=\"robots\" content=\"index, follow, max-snippet:-1, max-image-preview:large, max-video-preview:-1\" \/>\n<link rel=\"canonical\" href=\"https:\/\/techtonikamedia.com\/ro\/privacy-policy\/\" \/>\n<meta property=\"og:locale\" content=\"ro_RO\" \/>\n<meta property=\"og:type\" content=\"article\" \/>\n<meta property=\"og:title\" content=\"Politica de confiden\u021bialitate - Techtonika\" \/>\n<meta property=\"og:description\" content=\"Politica de Confiden\u021bialitate Contacteaz\u0103-ne La www.techtonikamedia.com, accesibil la https:\/\/techtonikamedia.com\/, una dintre priorit\u0103\u021bile noastre principale este confiden\u021bialitatea vizitatorilor no\u0219tri. Acest document privind politica de confiden\u021bialitate con\u021bine tipurile de informa\u021bii care sunt colectate \u0219i \u00eenregistrate de www.techtonikamedia.com \u0219i modul \u00een care le folosim. Dac\u0103 ai \u00eentreb\u0103ri suplimentare sau ai nevoie de mai multe informa\u021bii despre Politica noastr\u0103 [&hellip;]\" \/>\n<meta property=\"og:url\" content=\"https:\/\/techtonikamedia.com\/ro\/privacy-policy\/\" \/>\n<meta property=\"og:site_name\" content=\"Techtonika\" \/>\n<meta property=\"article:modified_time\" content=\"2023-05-16T11:16:08+00:00\" \/>\n<meta name=\"twitter:card\" content=\"summary_large_image\" \/>\n<meta name=\"twitter:label1\" content=\"Timp estimat pentru citire\" \/>\n\t<meta name=\"twitter:data1\" content=\"7 minute\" \/>\n<script type=\"application\/ld+json\" class=\"yoast-schema-graph\">{\"@context\":\"https:\/\/schema.org\",\"@graph\":[{\"@type\":\"WebSite\",\"@id\":\"https:\/\/techtonikamedia.com\/#website\",\"url\":\"https:\/\/techtonikamedia.com\/\",\"name\":\"Techtonika\",\"description\":\"Techtonika\",\"potentialAction\":[{\"@type\":\"SearchAction\",\"target\":{\"@type\":\"EntryPoint\",\"urlTemplate\":\"https:\/\/techtonikamedia.com\/?s={search_term_string}\"},\"query-input\":\"required name=search_term_string\"}],\"inLanguage\":\"ro-RO\"},{\"@type\":\"WebPage\",\"@id\":\"https:\/\/techtonikamedia.com\/ro\/privacy-policy\/#webpage\",\"url\":\"https:\/\/techtonikamedia.com\/ro\/privacy-policy\/\",\"name\":\"Politica de confiden\\u021bialitate - Techtonika\",\"isPartOf\":{\"@id\":\"https:\/\/techtonikamedia.com\/#website\"},\"datePublished\":\"2021-10-11T09:27:02+00:00\",\"dateModified\":\"2023-05-16T11:16:08+00:00\",\"breadcrumb\":{\"@id\":\"https:\/\/techtonikamedia.com\/ro\/privacy-policy\/#breadcrumb\"},\"inLanguage\":\"ro-RO\",\"potentialAction\":[{\"@type\":\"ReadAction\",\"target\":[\"https:\/\/techtonikamedia.com\/ro\/privacy-policy\/\"]}]},{\"@type\":\"BreadcrumbList\",\"@id\":\"https:\/\/techtonikamedia.com\/ro\/privacy-policy\/#breadcrumb\",\"itemListElement\":[{\"@type\":\"ListItem\",\"position\":1,\"name\":\"Home\",\"item\":\"https:\/\/techtonikamedia.com\/\"},{\"@type\":\"ListItem\",\"position\":2,\"name\":\"Politica de confiden\\u021bialitate\"}]}]}<\/script>\n<!-- \/ Yoast SEO plugin. -->","yoast_head_json":{"title":"Politica de confiden\u021bialitate - Techtonika","robots":{"index":"index","follow":"follow","max-snippet":"max-snippet:-1","max-image-preview":"max-image-preview:large","max-video-preview":"max-video-preview:-1"},"canonical":"https:\/\/techtonikamedia.com\/ro\/privacy-policy\/","og_locale":"ro_RO","og_type":"article","og_title":"Politica de confiden\u021bialitate - Techtonika","og_description":"Politica de Confiden\u021bialitate Contacteaz\u0103-ne La www.techtonikamedia.com, accesibil la https:\/\/techtonikamedia.com\/, una dintre priorit\u0103\u021bile noastre principale este confiden\u021bialitatea vizitatorilor no\u0219tri. Acest document privind politica de confiden\u021bialitate con\u021bine tipurile de informa\u021bii care sunt colectate \u0219i \u00eenregistrate de www.techtonikamedia.com \u0219i modul \u00een care le folosim. Dac\u0103 ai \u00eentreb\u0103ri suplimentare sau ai nevoie de mai multe informa\u021bii despre Politica noastr\u0103 [&hellip;]","og_url":"https:\/\/techtonikamedia.com\/ro\/privacy-policy\/","og_site_name":"Techtonika","article_modified_time":"2023-05-16T11:16:08+00:00","twitter_card":"summary_large_image","twitter_misc":{"Timp estimat pentru citire":"7 minute"},"schema":{"@context":"https:\/\/schema.org","@graph":[{"@type":"WebSite","@id":"https:\/\/techtonikamedia.com\/#website","url":"https:\/\/techtonikamedia.com\/","name":"Techtonika","description":"Techtonika","potentialAction":[{"@type":"SearchAction","target":{"@type":"EntryPoint","urlTemplate":"https:\/\/techtonikamedia.com\/?s={search_term_string}"},"query-input":"required name=search_term_string"}],"inLanguage":"ro-RO"},{"@type":"WebPage","@id":"https:\/\/techtonikamedia.com\/ro\/privacy-policy\/#webpage","url":"https:\/\/techtonikamedia.com\/ro\/privacy-policy\/","name":"Politica de confiden\u021bialitate - Techtonika","isPartOf":{"@id":"https:\/\/techtonikamedia.com\/#website"},"datePublished":"2021-10-11T09:27:02+00:00","dateModified":"2023-05-16T11:16:08+00:00","breadcrumb":{"@id":"https:\/\/techtonikamedia.com\/ro\/privacy-policy\/#breadcrumb"},"inLanguage":"ro-RO","potentialAction":[{"@type":"ReadAction","target":["https:\/\/techtonikamedia.com\/ro\/privacy-policy\/"]}]},{"@type":"BreadcrumbList","@id":"https:\/\/techtonikamedia.com\/ro\/privacy-policy\/#breadcrumb","itemListElement":[{"@type":"ListItem","position":1,"name":"Home","item":"https:\/\/techtonikamedia.com\/"},{"@type":"ListItem","position":2,"name":"Politica de confiden\u021bialitate"}]}]}},"_links":{"self":[{"href":"https:\/\/techtonikamedia.com\/ro\/wp-json\/wp\/v2\/pages\/3921","targetHints":{"allow":["GET"]}}],"collection":[{"href":"https:\/\/techtonikamedia.com\/ro\/wp-json\/wp\/v2\/pages"}],"about":[{"href":"https:\/\/techtonikamedia.com\/ro\/wp-json\/wp\/v2\/types\/page"}],"author":[{"embeddable":true,"href":"https:\/\/techtonikamedia.com\/ro\/wp-json\/wp\/v2\/users\/1"}],"replies":[{"embeddable":true,"href":"https:\/\/techtonikamedia.com\/ro\/wp-json\/wp\/v2\/comments?post=3921"}],"version-history":[{"count":7,"href":"https:\/\/techtonikamedia.com\/ro\/wp-json\/wp\/v2\/pages\/3921\/revisions"}],"predecessor-version":[{"id":4083,"href":"https:\/\/techtonikamedia.com\/ro\/wp-json\/wp\/v2\/pages\/3921\/revisions\/4083"}],"wp:attachment":[{"href":"https:\/\/techtonikamedia.com\/ro\/wp-json\/wp\/v2\/media?parent=3921"}],"curies":[{"name":"wp","href":"https:\/\/api.w.org\/{rel}","templated":true}]}}