{"id":3914,"date":"2021-10-11T13:44:07","date_gmt":"2021-10-11T13:44:07","guid":{"rendered":"https:\/\/techtonikamedia.com\/terms-conditions\/"},"modified":"2023-05-16T11:15:43","modified_gmt":"2023-05-16T11:15:43","slug":"terms-conditions","status":"publish","type":"page","link":"https:\/\/techtonikamedia.com\/ro\/terms-conditions\/","title":{"rendered":"Termeni \u0219i condi\u021bii"},"content":{"rendered":"\t\t<div data-elementor-type=\"wp-page\" data-elementor-id=\"3914\" class=\"elementor elementor-3914 elementor-195\" data-elementor-settings=\"[]\">\n\t\t\t\t\t\t\t<div class=\"elementor-section-wrap\">\n\t\t\t\t\t\t\t<section class=\"elementor-section elementor-top-section elementor-element elementor-element-3ebef7e elementor-section-boxed elementor-section-height-default elementor-section-height-default\" data-id=\"3ebef7e\" data-element_type=\"section\" data-settings=\"{&quot;background_background&quot;:&quot;classic&quot;}\">\n\t\t\t\t\t\t<div class=\"elementor-container elementor-column-gap-default\">\n\t\t\t\t\t<div class=\"elementor-column elementor-col-50 elementor-top-column elementor-element elementor-element-42529ce\" data-id=\"42529ce\" data-element_type=\"column\">\n\t\t\t<div class=\"elementor-widget-wrap elementor-element-populated\">\n\t\t\t\t\t\t\t\t<div class=\"elementor-element elementor-element-d377e15 elementor-widget elementor-widget-heading\" data-id=\"d377e15\" data-element_type=\"widget\" data-widget_type=\"heading.default\">\n\t\t\t\t<div class=\"elementor-widget-container\">\n\t\t\t<h1 class=\"elementor-heading-title elementor-size-default\">Termeni \u0219i condi\u021bii<\/h1>\t\t<\/div>\n\t\t\t\t<\/div>\n\t\t\t\t<div class=\"elementor-element elementor-element-e94ec6f elementor-icon-list--layout-inline elementor-align-left elementor-list-item-link-full_width elementor-widget elementor-widget-icon-list\" data-id=\"e94ec6f\" data-element_type=\"widget\" data-widget_type=\"icon-list.default\">\n\t\t\t\t<div class=\"elementor-widget-container\">\n\t\t\t\t\t<ul class=\"elementor-icon-list-items elementor-inline-items\">\n\t\t\t\t\t\t\t<li class=\"elementor-icon-list-item elementor-inline-item\">\n\t\t\t\t\t\t\t\t\t\t\t<a href=\"https:\/\/techtonikamedia.com\/contact\/\">\n\n\t\t\t\t\t\t\t\t\t\t\t<span class=\"elementor-icon-list-text\">Contacteaz\u0103-ne<\/span>\n\t\t\t\t\t\t\t\t\t\t\t<\/a>\n\t\t\t\t\t\t\t\t\t<\/li>\n\t\t\t\t\t\t\t\t<li class=\"elementor-icon-list-item elementor-inline-item\">\n\t\t\t\t\t\t\t\t\t\t\t<a href=\"https:\/\/techtonikamedia.com\/contact\/\">\n\n\t\t\t\t\t\t\t\t\t\t\t\t<span class=\"elementor-icon-list-icon\">\n\t\t\t\t\t\t\t<svg xmlns=\"http:\/\/www.w3.org\/2000\/svg\" width=\"27.705\" height=\"20.909\" viewBox=\"0 0 27.705 20.909\"><g id=\"Group_1481\" data-name=\"Group 1481\" transform=\"translate(-379.748 -750.441)\"><path id=\"Path_942\" data-name=\"Path 942\" d=\"M12.891,11.438a1.546,1.546,0,0,0-.006-2.2L4.1.455a1.544,1.544,0,0,0-2.19,0L.455,1.928a1.544,1.544,0,0,0,0,2.19l6.228,6.227L.455,16.573a1.544,1.544,0,0,0,0,2.19l1.46,1.46a1.544,1.544,0,0,0,2.19,0Z\" transform=\"matrix(1, 0.017, -0.017, 1, 380.109, 750.441)\" fill=\"#43c7a0\"><\/path><path id=\"Path_946\" data-name=\"Path 946\" d=\"M12.891,11.438a1.546,1.546,0,0,0-.006-2.2L4.1.455a1.544,1.544,0,0,0-2.19,0L.455,1.928a1.544,1.544,0,0,0,0,2.19l6.228,6.227L.455,16.573a1.544,1.544,0,0,0,0,2.19l1.46,1.46a1.544,1.544,0,0,0,2.19,0Z\" transform=\"matrix(1, 0.017, -0.017, 1, 394.109, 750.441)\" fill=\"#43c7a0\"><\/path><\/g><\/svg>\t\t\t\t\t\t<\/span>\n\t\t\t\t\t\t\t\t\t\t<span class=\"elementor-icon-list-text\"><\/span>\n\t\t\t\t\t\t\t\t\t\t\t<\/a>\n\t\t\t\t\t\t\t\t\t<\/li>\n\t\t\t\t\t\t<\/ul>\n\t\t\t\t<\/div>\n\t\t\t\t<\/div>\n\t\t\t\t\t<\/div>\n\t\t<\/div>\n\t\t\t\t<div class=\"elementor-column elementor-col-50 elementor-top-column elementor-element elementor-element-d97cc7c\" data-id=\"d97cc7c\" data-element_type=\"column\">\n\t\t\t<div class=\"elementor-widget-wrap\">\n\t\t\t\t\t\t\t\t\t<\/div>\n\t\t<\/div>\n\t\t\t\t\t\t\t<\/div>\n\t\t<\/section>\n\t\t\t\t<section class=\"elementor-section elementor-top-section elementor-element elementor-element-ce6bd1c elementor-section-boxed elementor-section-height-default elementor-section-height-default\" data-id=\"ce6bd1c\" data-element_type=\"section\">\n\t\t\t\t\t\t<div class=\"elementor-container elementor-column-gap-default\">\n\t\t\t\t\t<div class=\"elementor-column elementor-col-100 elementor-top-column elementor-element elementor-element-48d3605\" data-id=\"48d3605\" data-element_type=\"column\">\n\t\t\t<div class=\"elementor-widget-wrap elementor-element-populated\">\n\t\t\t\t\t\t\t\t<div class=\"elementor-element elementor-element-26125f4 elementor-widget elementor-widget-text-editor\" data-id=\"26125f4\" data-element_type=\"widget\" data-widget_type=\"text-editor.default\">\n\t\t\t\t<div class=\"elementor-widget-container\">\n\t\t\t\t\t\t\t<p>Bine ai venit pe www.techtonikamedia.com!<\/p><p>\u00a0<\/p><p>Ace\u0219ti termeni \u0219i condi\u021bii descriu regulile \u0219i regulamentele de utilizare a site-ului web Techtonika Media, disponibil la adresa <a href=\"https:\/\/techtonikamedia.com\/\">https:\/\/techtonikamedia.com\/<\/a>.<\/p><p>Prin accesarea acestui site web, presupunem c\u0103 accep\u021bi ace\u0219ti termeni \u0219i condi\u021bii. Nu continua s\u0103 utilizezi www.techtonikamedia.com dac\u0103 nu e\u0219ti de acord s\u0103 accep\u021bi to\u021bi termenii \u0219i condi\u021biile men\u021bionate pe aceast\u0103 pagin\u0103.<\/p><p>Urm\u0103toarea terminologie se aplic\u0103 acestor Termeni \u0219i Condi\u021bii, Declara\u021biei de confiden\u021bialitate \u0219i Avizului de declinare a responsabilit\u0103\u021bii \u0219i tuturor acordurilor: &#8222;Client&#8221;, &#8222;Tu&#8221; \u0219i &#8222;T\u0103u\/Ta\/\u201d, T\u0103i\/Tale&#8221; se refer\u0103 la tine, persoana care acceseaz\u0103 acest site \u0219i care se conformeaz\u0103 termenilor \u0219i condi\u021biilor companiei. &#8222;Compania&#8221;,&#8221;Noi&#8221;, &#8222;Nostru\/Noastr\u0103&#8221;, &#8222;No\u0219tri\/Noastre&#8221; \u0219i &#8222;Nou\u0103&#8221;, se refer\u0103 la Compania noastr\u0103. &#8222;Partea&#8221;, &#8222;P\u0103r\u021bile&#8221;, sau &#8222;Noi&#8221;, se refer\u0103 at\u00e2t la Client, c\u00e2t \u0219i la noi \u00een\u0219ine. To\u021bi termenii se refer\u0103 la oferirea, acceptarea \u0219i luarea \u00een considerare a pl\u0103\u021bii necesare pentru a \u00eentreprinde procesul de asisten\u021b\u0103 din partea noastr\u0103 c\u0103tre Client \u00een modul cel mai potrivit scopului precis de a satisface nevoile Clientului \u00een ceea ce prive\u0219te furnizarea serviciilor declarate ale Companiei, \u00een conformitate cu \u0219i sub rezerva legisla\u021biei \u00een vigoare din \u021a\u0103rile de Jos.<\/p><p>Orice utilizare a terminologiei de mai sus sau a altor cuvinte la singular, plural, majuscul\u0103 \u0219i\/sau el\/ea sau ei\/ele, sunt considerate ca fiind interschimbabile \u0219i, prin urmare, ca referindu-se la acela\u0219i lucru.<\/p><p>\u00a0<\/p><p><b>Cookie-uri<\/b><\/p><p>Utiliz\u0103m cookie-uri. Prin accesarea www.techtonikamedia.com, e\u0219ti de acord cu utilizarea cookie-urilor \u00een conformitate cu Politica de confiden\u021bialitate a Techtonika Media.<\/p><p>Majoritatea site-urilor interactive folosesc cookie-uri pentru a ne permite s\u0103 recuper\u0103m detaliile utilizatorului la fiecare vizit\u0103. Cookie-urile sunt folosite de site-ul nostru pentru a permite func\u021bionalitatea anumitor zone, pentru a facilita vizitarea site-ului nostru. Unii dintre partenerii no\u0219tri afilia\u021bi\/publicitari pot utiliza, de asemenea, cookie-uri.<\/p><p>\u00a0<\/p><p><b>Licen\u021b\u0103<\/b><\/p><p>Dac\u0103 nu se specific\u0103 altfel, Techtonika Media \u0219i\/sau licen\u021biatorii s\u0103i de\u021bin drepturile de proprietate intelectual\u0103 pentru toate materialele de pe www.techtonikamedia.com. Toate drepturile de proprietate intelectual\u0103 sunt rezervate. Po\u021bi accesa acest lucru\/materiale de pe www.techtonikamedia.com pentru uz personal, sub rezerva restric\u021biilor stabilite \u00een ace\u0219ti termeni \u0219i condi\u021bii.<\/p><p>Nu trebuie s\u0103:<\/p><ul><li aria-level=\"1\">Republici materialul de pe www.techtonikamedia.com<\/li><\/ul><p>\u00a0<\/p><ul><li aria-level=\"1\">S\u0103 vinzi, s\u0103 \u00eenchiriezi sau s\u0103 sublicen\u021biezi materiale de pe www.techtonikamedia.com<\/li><\/ul><p>\u00a0<\/p><ul><li aria-level=\"1\">S\u0103 reproduci, s\u0103 duplici sau s\u0103 copiezi materiale de pe www.techtonikamedia.com<\/li><\/ul><p>\u00a0<\/p><ul><li aria-level=\"1\">Redistribui con\u021binutul de pe <a href=\"http:\/\/www.techtonikamedia.com\">www.techtonikamedia.com<\/a><\/li><\/ul><p>\u00a0<\/p><p>Unele p\u0103r\u021bi ale acestui site web ofer\u0103 utilizatorilor posibilitatea de a posta \u0219i de a face schimb de opinii \u0219i informa\u021bii \u00een anumite zone ale site-ului. Techtonika Media nu filtreaz\u0103, nu editeaz\u0103, nu public\u0103 \u0219i nu revizuie\u0219te comentariile \u00eenainte de prezen\u021ba lor pe site. Comentariile nu reflect\u0103 punctele de vedere \u0219i opiniile Techtonika Media, ale agen\u021bilor \u0219i\/sau afilia\u021bilor s\u0103i. Comentariile reflect\u0103 punctele de vedere \u0219i opiniile persoanei care le posteaz\u0103. \u00cen m\u0103sura permis\u0103 de legile aplicabile, Techtonika Media nu va fi r\u0103spunz\u0103toare pentru Comentarii sau pentru orice r\u0103spundere, daune sau cheltuieli cauzate \u0219i\/sau suferite ca urmare a utiliz\u0103rii \u0219i\/sau public\u0103rii \u0219i\/sau apari\u021biei Comentariilor pe acest site.<\/p><p>Techtonika Media \u00ee\u0219i rezerv\u0103 dreptul de a monitoriza toate comentariile \u0219i de a elimina orice comentariu care poate fi considerat nepotrivit, ofensator sau care \u00eencalc\u0103 ace\u0219ti Termeni \u0219i Condi\u021bii.<\/p><p>\u00a0<\/p><p>Garantezi \u0219i declari c\u0103:<\/p><ul><li aria-level=\"1\">Ai dreptul de a posta Comentariile pe site-ul nostru \u0219i ai toate licen\u021bele \u0219i consim\u021b\u0103mintele necesare pentru a face acest lucru;<\/li><li aria-level=\"1\">Comentariile nu invadeaz\u0103 niciun drept de proprietate intelectual\u0103, inclusiv, f\u0103r\u0103 limitare, drepturile de autor, brevetele sau m\u0103rcile comerciale ale oric\u0103rei ter\u021be p\u0103r\u021bi;<\/li><li aria-level=\"1\">Comentariile nu con\u021bin materiale def\u0103im\u0103toare, calomnioase, jignitoare, obscene sau ilegale care reprezint\u0103 o \u00eenc\u0103lcare a confiden\u021bialit\u0103\u021bii.<\/li><li aria-level=\"1\">Comentariile nu vor fi folosite pentru a solicita sau promova afaceri sau obiceiuri sau pentru a prezenta activit\u0103\u021bi comerciale sau activit\u0103\u021bi ilegale.<\/li><\/ul><p>Prin prezenta, acorzi Techtonika Media o licen\u021b\u0103 neexclusiv\u0103 pentru a utiliza, reproduce, edita \u0219i autoriza pe al\u021bii s\u0103 utilizeze, reproduc\u0103 \u0219i editeze oricare dintre comentariile tale \u00een orice form\u0103, format sau media.<\/p><p>\u00a0<\/p><p><b>Hyperlinking c\u0103tre con\u021binutul nostru<\/b><\/p><p>Urm\u0103toarele organiza\u021bii se pot conecta la site-ul nostru web f\u0103r\u0103 aprobare prealabil\u0103 scris\u0103:<\/p><p>\u00a0<\/p><p>Agen\u021bii guvernamentale;<\/p><p>Motoare de c\u0103utare;<\/p><p>Organiza\u021bii de \u0219tiri;<\/p><p>Distribuitorii de directoare online pot avea un link c\u0103tre site-ul nostru web \u00een acela\u0219i mod \u00een care au un hyperlink c\u0103tre site-urile web ale altor \u00eentreprinderi listate;<\/p><p>\u00centreprinderile acreditate la nivel de sistem, cu excep\u021bia organiza\u021biilor non-profit, a centrelor comerciale de caritate \u0219i a grupurilor de str\u00e2ngere de fonduri de caritate, care nu pot avea un hyperlink c\u0103tre site-ul nostru Web.<\/p><p>Aceste organiza\u021bii pot avea un link c\u0103tre pagina noastr\u0103 de pornire, c\u0103tre publica\u021bii sau c\u0103tre alte informa\u021bii de pe site-ul web, at\u00e2t timp c\u00e2t link-ul: (a) nu este \u00een niciun fel \u00een\u0219el\u0103tor; (b) nu implic\u0103 \u00een mod fals sponsorizarea, sprijinul sau aprobarea p\u0103r\u021bii care face leg\u0103tura \u0219i a produselor \u0219i\/sau serviciilor sale; \u0219i (c) se \u00eencadreaz\u0103 \u00een contextul site-ului p\u0103r\u021bii care face leg\u0103tura.<\/p><p>Este posibil s\u0103 lu\u0103m \u00een considerare \u0219i s\u0103 aprob\u0103m alte solicit\u0103ri de linkuri din partea urm\u0103toarelor tipuri de organiza\u021bii:<\/p><ul><li aria-level=\"1\">surse de informare cunoscute \u00een mod obi\u0219nuit de c\u0103tre consumatori \u0219i\/sau \u00eentreprinderi;<\/li><li aria-level=\"1\">site-urile comunit\u0103\u021bii dot.com;<\/li><li aria-level=\"1\">asocia\u021bii sau alte grupuri care reprezint\u0103 organiza\u021bii de caritate;<\/li><li aria-level=\"1\">distribuitori de directoare online;<\/li><li aria-level=\"1\">portaluri de internet;<\/li><li aria-level=\"1\">firme de contabilitate, de avocatur\u0103 \u0219i de consultan\u021b\u0103;\u00a0<\/li><li aria-level=\"1\">institu\u021bii de \u00eenv\u0103\u021b\u0103m\u00e2nt \u0219i asocia\u021bii comerciale.<\/li><\/ul><p>\u00a0<\/p><p>Vom aproba cererile de linkuri de la aceste organiza\u021bii dac\u0103 vom decide acest lucru: (a) linkul nu ne-ar face s\u0103 ar\u0103t\u0103m \u00een mod nefavorabil pentru noi \u00een\u0219ine sau pentru afacerile noastre acreditate; (b) organiza\u021bia nu are \u00eenregistr\u0103ri negative cu noi; (c) beneficiul pentru noi din vizibilitatea hyperlink-ului compenseaz\u0103 absen\u021ba Techtonika Media; \u0219i (d) linkul este \u00een contextul informa\u021biilor generale despre resurse.<\/p><p>Aceste organiza\u021bii pot avea un link c\u0103tre pagina noastr\u0103 de pornire at\u00e2ta timp c\u00e2t link-ul: (a) nu este \u00een niciun fel \u00een\u0219el\u0103tor; (b) nu implic\u0103 \u00een mod fals sponsorizarea, sprijinul sau aprobarea p\u0103r\u021bii care face leg\u0103tura \u0219i a produselor sau serviciilor sale; \u0219i (c) se \u00eencadreaz\u0103 \u00een contextul site-ului p\u0103r\u021bii care face leg\u0103tura.<\/p><p>Dac\u0103 e\u0219ti una dintre organiza\u021biile enumerate \u00een paragraful 2 de mai sus \u0219i e\u0219ti interesat s\u0103 te conectezi la site-ul nostru, trebuie s\u0103 ne informezi prin trimiterea unui e-mail la Techtonika Media. Te rug\u0103m s\u0103 incluzi numele t\u0103u, numele organiza\u021biei tale, informa\u021biile de contact, precum \u0219i URL-ul site-ului, o list\u0103 a tuturor URL-urilor de la care inten\u021bionezi s\u0103 te conectezi la site-ul nostru \u0219i o list\u0103 a URL-urilor de pe site-ul nostru la care dore\u0219ti s\u0103 te conectezi. A\u0219teapt\u0103 2-3 s\u0103pt\u0103m\u00e2ni pentru un r\u0103spuns.<\/p><p>Organiza\u021biile aprobate pot face hyperlink c\u0103tre site-ul nostru web dup\u0103 cum urmeaz\u0103:<\/p><p>\u00a0<\/p><p>Prin utilizarea denumirii noastre corporative; sau<\/p><p>Prin utilizarea localizatorului uniform de resurse cu care se face leg\u0103tura; sau<\/p><p>Prin utilizarea oric\u0103rei alte descrieri a site-ului nostru web la care se face leg\u0103tura, care are sens \u00een contextul \u0219i formatul con\u021binutului de pe site-ul p\u0103r\u021bii care face leg\u0103tura.<\/p><p>Nu va fi permis\u0103 nici o utilizare a logo-ului Techtonika Media sau a altor elemente artistice pentru crearea de link-uri \u00een absen\u021ba unui acord de licen\u021b\u0103 pentru marc\u0103 comercial\u0103.<\/p><p>\u00a0<\/p><p><b>iFrames<\/b><\/p><p>F\u0103r\u0103 aprobare prealabil\u0103 \u0219i permisiune scris\u0103, nu ai voie s\u0103 creezi cadre \u00een jurul paginilor noastre web care s\u0103 modifice \u00een vreun fel prezentarea vizual\u0103 sau aspectul site-ului nostru web.<\/p><p>\u00a0<\/p><p><b>R\u0103spunderea pentru con\u021binut<\/b><\/p><p>Nu vom fi considera\u021bi responsabili pentru niciun con\u021binut care apare pe site-ul t\u0103u. E\u0219ti de acord s\u0103 ne protejezi \u0219i s\u0103 ne aperi \u00eempotriva tuturor reclama\u021biilor care se ridic\u0103 pe site-ul t\u0103u web. Niciun link nu ar trebui s\u0103 apar\u0103 pe un site web care ar putea fi interpretat ca fiind def\u0103im\u0103tor, obscen sau criminal, sau care \u00eencalc\u0103, \u00eencalc\u0103 \u00een alt mod sau promoveaz\u0103 \u00eenc\u0103lcarea sau alte \u00eenc\u0103lc\u0103ri ale drepturilor unei ter\u021be p\u0103r\u021bi.<\/p><p>\u00a0<\/p><p><b>Confiden\u021bialitatea ta<\/b><\/p><p>Te rug\u0103m s\u0103 cite\u0219ti Politica de confiden\u021bialitate.<\/p><p>\u00a0<\/p><p><b>Rezervarea drepturilor<\/b><\/p><p>Ne rezerv\u0103m dreptul de a \u00ee\u021bi solicita s\u0103 elimini toate linkurile sau orice link anume c\u0103tre site-ul nostru web. E\u0219ti de acord s\u0103 elimini imediat toate linkurile c\u0103tre site-ul nostru web la cerere. Ne rezerv\u0103m, de asemenea, dreptul de a modifica \u00een orice moment ace\u0219ti termeni \u0219i condi\u021bii \u0219i politica de creare de linkuri. Prin conectarea continu\u0103 la site-ul nostru web, e\u0219ti de acord s\u0103 te supui \u0219i s\u0103 respec\u021bi ace\u0219ti termeni \u0219i condi\u021bii de conectare.<\/p><p>\u00a0<\/p><p><b>Eliminarea linkurilor de pe site-ul nostru<\/b><\/p><p>\u00cen cazul \u00een care g\u0103se\u0219ti pe site-ul nostru un link care este ofensator din orice motiv, e\u0219ti liber s\u0103 ne contactezi \u0219i s\u0103 ne informezi \u00een orice moment. Vom lua \u00een considerare cererile de eliminare a linkurilor, dar nu suntem obliga\u021bi s\u0103 facem acest lucru sau s\u0103 \u00ee\u021bi r\u0103spundem direct.<\/p><p>Nu ne asigur\u0103m c\u0103 informa\u021biile de pe acest site web sunt corecte, nu garant\u0103m c\u0103 sunt complete sau exacte; nici nu promitem s\u0103 ne asigur\u0103m c\u0103 site-ul web r\u0103m\u00e2ne disponibil sau c\u0103 materialul de pe site-ul web este actualizat.<\/p><p>\u00a0<\/p><p><b>Disclaimer<\/b><\/p><p>\u00a0<\/p><p>\u00cen m\u0103sura maxim\u0103 permis\u0103 de legea aplicabil\u0103, excludem toate declara\u021biile, garan\u021biile \u0219i condi\u021biile referitoare la site-ul nostru web \u0219i la utilizarea acestuia. Nimic din aceast\u0103 clauz\u0103 de renun\u021bare nu va:<\/p><ul><li aria-level=\"1\">limita sau exclude r\u0103spunderea noastr\u0103 sau a ta pentru deces sau v\u0103t\u0103mare corporal\u0103;<\/li><li aria-level=\"1\">nu va limita sau exclude r\u0103spunderea noastr\u0103 sau a ta pentru fraud\u0103 sau fals \u00een declara\u021bii frauduloase;<\/li><li aria-level=\"1\">nu va limita niciuna dintre responsabilit\u0103\u021bile noastre sau ale tale \u00een orice mod care nu este permis de legisla\u021bia aplicabil\u0103; sau<\/li><li aria-level=\"1\">nu va exclude niciuna dintre responsabilit\u0103\u021bile noastre sau ale tale care nu pot fi excluse \u00een temeiul legisla\u021biei aplicabile.<\/li><\/ul><p>Limit\u0103rile \u0219i interdic\u021biile de r\u0103spundere stabilite \u00een aceast\u0103 sec\u021biune \u0219i \u00een alte p\u0103r\u021bi ale acestei declin\u0103ri de r\u0103spundere: (a) fac obiectul paragrafului precedent; \u0219i (b) reglementeaz\u0103 toate r\u0103spunderile care decurg din aceast\u0103 declinare de r\u0103spundere, inclusiv r\u0103spunderile care decurg din contract, din r\u0103spundere civil\u0103 delictual\u0103 \u0219i pentru \u00eenc\u0103lcarea obliga\u021biilor legale.<\/p><p>\u00a0<\/p><p>At\u00e2ta timp c\u00e2t site-ul web \u0219i informa\u021biile \u0219i serviciile de pe site-ul web sunt furnizate gratuit, nu vom fi r\u0103spunz\u0103tori pentru nicio pierdere sau daun\u0103 de orice natur\u0103.<\/p>\t\t\t\t\t\t<\/div>\n\t\t\t\t<\/div>\n\t\t\t\t\t<\/div>\n\t\t<\/div>\n\t\t\t\t\t\t\t<\/div>\n\t\t<\/section>\n\t\t\t\t\t\t<\/div>\n\t\t\t\t\t<\/div>\n\t\t","protected":false},"excerpt":{"rendered":"<p>Termeni \u0219i condi\u021bii Contacteaz\u0103-ne Bine ai venit pe www.techtonikamedia.com! Ace\u0219ti termeni \u0219i condi\u021bii descriu regulile \u0219i regulamentele de utilizare a site-ului web Techtonika Media, disponibil la adresa https:\/\/techtonikamedia.com\/. Prin accesarea acestui site web, presupunem c\u0103 accep\u021bi ace\u0219ti termeni \u0219i condi\u021bii. Nu continua s\u0103 utilizezi www.techtonikamedia.com dac\u0103 nu e\u0219ti de acord s\u0103 accep\u021bi to\u021bi termenii \u0219i [&hellip;]<\/p>\n","protected":false},"author":1,"featured_media":0,"parent":0,"menu_order":0,"comment_status":"closed","ping_status":"closed","template":"","meta":{"footnotes":""},"class_list":["post-3914","page","type-page","status-publish","hentry"],"yoast_head":"<!-- This site is optimized with the Yoast SEO plugin v17.8 - https:\/\/yoast.com\/wordpress\/plugins\/seo\/ -->\n<title>Termeni \u0219i condi\u021bii - Techtonika<\/title>\n<meta name=\"robots\" content=\"index, follow, max-snippet:-1, max-image-preview:large, max-video-preview:-1\" \/>\n<link rel=\"canonical\" href=\"https:\/\/techtonikamedia.com\/ro\/terms-conditions\/\" \/>\n<meta property=\"og:locale\" content=\"ro_RO\" \/>\n<meta property=\"og:type\" content=\"article\" \/>\n<meta property=\"og:title\" content=\"Termeni \u0219i condi\u021bii - Techtonika\" \/>\n<meta property=\"og:description\" content=\"Termeni \u0219i condi\u021bii Contacteaz\u0103-ne Bine ai venit pe www.techtonikamedia.com! Ace\u0219ti termeni \u0219i condi\u021bii descriu regulile \u0219i regulamentele de utilizare a site-ului web Techtonika Media, disponibil la adresa https:\/\/techtonikamedia.com\/. Prin accesarea acestui site web, presupunem c\u0103 accep\u021bi ace\u0219ti termeni \u0219i condi\u021bii. Nu continua s\u0103 utilizezi www.techtonikamedia.com dac\u0103 nu e\u0219ti de acord s\u0103 accep\u021bi to\u021bi termenii \u0219i [&hellip;]\" \/>\n<meta property=\"og:url\" content=\"https:\/\/techtonikamedia.com\/ro\/terms-conditions\/\" \/>\n<meta property=\"og:site_name\" content=\"Techtonika\" \/>\n<meta property=\"article:modified_time\" content=\"2023-05-16T11:15:43+00:00\" \/>\n<meta name=\"twitter:card\" content=\"summary_large_image\" \/>\n<meta name=\"twitter:label1\" content=\"Timp estimat pentru citire\" \/>\n\t<meta name=\"twitter:data1\" content=\"9 minute\" \/>\n<script type=\"application\/ld+json\" class=\"yoast-schema-graph\">{\"@context\":\"https:\/\/schema.org\",\"@graph\":[{\"@type\":\"WebSite\",\"@id\":\"https:\/\/techtonikamedia.com\/#website\",\"url\":\"https:\/\/techtonikamedia.com\/\",\"name\":\"Techtonika\",\"description\":\"Techtonika\",\"potentialAction\":[{\"@type\":\"SearchAction\",\"target\":{\"@type\":\"EntryPoint\",\"urlTemplate\":\"https:\/\/techtonikamedia.com\/?s={search_term_string}\"},\"query-input\":\"required name=search_term_string\"}],\"inLanguage\":\"ro-RO\"},{\"@type\":\"WebPage\",\"@id\":\"https:\/\/techtonikamedia.com\/ro\/terms-conditions\/#webpage\",\"url\":\"https:\/\/techtonikamedia.com\/ro\/terms-conditions\/\",\"name\":\"Termeni \\u0219i condi\\u021bii - Techtonika\",\"isPartOf\":{\"@id\":\"https:\/\/techtonikamedia.com\/#website\"},\"datePublished\":\"2021-10-11T13:44:07+00:00\",\"dateModified\":\"2023-05-16T11:15:43+00:00\",\"breadcrumb\":{\"@id\":\"https:\/\/techtonikamedia.com\/ro\/terms-conditions\/#breadcrumb\"},\"inLanguage\":\"ro-RO\",\"potentialAction\":[{\"@type\":\"ReadAction\",\"target\":[\"https:\/\/techtonikamedia.com\/ro\/terms-conditions\/\"]}]},{\"@type\":\"BreadcrumbList\",\"@id\":\"https:\/\/techtonikamedia.com\/ro\/terms-conditions\/#breadcrumb\",\"itemListElement\":[{\"@type\":\"ListItem\",\"position\":1,\"name\":\"Home\",\"item\":\"https:\/\/techtonikamedia.com\/\"},{\"@type\":\"ListItem\",\"position\":2,\"name\":\"Termeni \\u0219i condi\\u021bii\"}]}]}<\/script>\n<!-- \/ Yoast SEO plugin. -->","yoast_head_json":{"title":"Termeni \u0219i condi\u021bii - Techtonika","robots":{"index":"index","follow":"follow","max-snippet":"max-snippet:-1","max-image-preview":"max-image-preview:large","max-video-preview":"max-video-preview:-1"},"canonical":"https:\/\/techtonikamedia.com\/ro\/terms-conditions\/","og_locale":"ro_RO","og_type":"article","og_title":"Termeni \u0219i condi\u021bii - Techtonika","og_description":"Termeni \u0219i condi\u021bii Contacteaz\u0103-ne Bine ai venit pe www.techtonikamedia.com! Ace\u0219ti termeni \u0219i condi\u021bii descriu regulile \u0219i regulamentele de utilizare a site-ului web Techtonika Media, disponibil la adresa https:\/\/techtonikamedia.com\/. Prin accesarea acestui site web, presupunem c\u0103 accep\u021bi ace\u0219ti termeni \u0219i condi\u021bii. Nu continua s\u0103 utilizezi www.techtonikamedia.com dac\u0103 nu e\u0219ti de acord s\u0103 accep\u021bi to\u021bi termenii \u0219i [&hellip;]","og_url":"https:\/\/techtonikamedia.com\/ro\/terms-conditions\/","og_site_name":"Techtonika","article_modified_time":"2023-05-16T11:15:43+00:00","twitter_card":"summary_large_image","twitter_misc":{"Timp estimat pentru citire":"9 minute"},"schema":{"@context":"https:\/\/schema.org","@graph":[{"@type":"WebSite","@id":"https:\/\/techtonikamedia.com\/#website","url":"https:\/\/techtonikamedia.com\/","name":"Techtonika","description":"Techtonika","potentialAction":[{"@type":"SearchAction","target":{"@type":"EntryPoint","urlTemplate":"https:\/\/techtonikamedia.com\/?s={search_term_string}"},"query-input":"required name=search_term_string"}],"inLanguage":"ro-RO"},{"@type":"WebPage","@id":"https:\/\/techtonikamedia.com\/ro\/terms-conditions\/#webpage","url":"https:\/\/techtonikamedia.com\/ro\/terms-conditions\/","name":"Termeni \u0219i condi\u021bii - Techtonika","isPartOf":{"@id":"https:\/\/techtonikamedia.com\/#website"},"datePublished":"2021-10-11T13:44:07+00:00","dateModified":"2023-05-16T11:15:43+00:00","breadcrumb":{"@id":"https:\/\/techtonikamedia.com\/ro\/terms-conditions\/#breadcrumb"},"inLanguage":"ro-RO","potentialAction":[{"@type":"ReadAction","target":["https:\/\/techtonikamedia.com\/ro\/terms-conditions\/"]}]},{"@type":"BreadcrumbList","@id":"https:\/\/techtonikamedia.com\/ro\/terms-conditions\/#breadcrumb","itemListElement":[{"@type":"ListItem","position":1,"name":"Home","item":"https:\/\/techtonikamedia.com\/"},{"@type":"ListItem","position":2,"name":"Termeni \u0219i condi\u021bii"}]}]}},"_links":{"self":[{"href":"https:\/\/techtonikamedia.com\/ro\/wp-json\/wp\/v2\/pages\/3914","targetHints":{"allow":["GET"]}}],"collection":[{"href":"https:\/\/techtonikamedia.com\/ro\/wp-json\/wp\/v2\/pages"}],"about":[{"href":"https:\/\/techtonikamedia.com\/ro\/wp-json\/wp\/v2\/types\/page"}],"author":[{"embeddable":true,"href":"https:\/\/techtonikamedia.com\/ro\/wp-json\/wp\/v2\/users\/1"}],"replies":[{"embeddable":true,"href":"https:\/\/techtonikamedia.com\/ro\/wp-json\/wp\/v2\/comments?post=3914"}],"version-history":[{"count":7,"href":"https:\/\/techtonikamedia.com\/ro\/wp-json\/wp\/v2\/pages\/3914\/revisions"}],"predecessor-version":[{"id":4082,"href":"https:\/\/techtonikamedia.com\/ro\/wp-json\/wp\/v2\/pages\/3914\/revisions\/4082"}],"wp:attachment":[{"href":"https:\/\/techtonikamedia.com\/ro\/wp-json\/wp\/v2\/media?parent=3914"}],"curies":[{"name":"wp","href":"https:\/\/api.w.org\/{rel}","templated":true}]}}